{"id":5862,"date":"2017-05-30T23:28:02","date_gmt":"2017-05-30T21:28:02","guid":{"rendered":"https:\/\/lacuisinedefred-stbarth.com\/?page_id=5862\/"},"modified":"2025-11-20T15:10:38","modified_gmt":"2025-11-20T14:10:38","slug":"legal-notice","status":"publish","type":"page","link":"https:\/\/lacuisinedefred-stbarth.com\/en\/legal-notice\/","title":{"rendered":"LEGAL NOTICE"},"content":{"rendered":"<p>[et_pb_section fb_built=&#8221;1&#8243; custom_padding_last_edited=&#8221;on|desktop&#8221; admin_label=&#8221;section&#8221; _builder_version=&#8221;4.16&#8243; custom_padding_tablet=&#8221;50px|0|50px|0&#8243; padding_mobile=&#8221;off&#8221; global_colors_info=&#8221;{}&#8221; custom_padding_phone=&#8221;50px|0|50px|0&#8243;][et_pb_row padding_mobile=&#8221;off&#8221; column_padding_mobile=&#8221;on&#8221; admin_label=&#8221;row&#8221; _builder_version=&#8221;4.16&#8243; background_size=&#8221;initial&#8221; background_position=&#8221;top_left&#8221; background_repeat=&#8221;repeat&#8221; global_colors_info=&#8221;{}&#8221;][et_pb_column type=&#8221;4_4&#8243; _builder_version=&#8221;4.16&#8243; custom_padding=&#8221;|||&#8221; global_colors_info=&#8221;{}&#8221; custom_padding__hover=&#8221;|||&#8221;][et_pb_text admin_label=&#8221;Texte&#8221; _builder_version=&#8221;4.16&#8243; background_size=&#8221;initial&#8221; background_position=&#8221;top_left&#8221; background_repeat=&#8221;repeat&#8221; global_colors_info=&#8221;{}&#8221;]<\/p>\n<p class=\"p1\"><span style=\"background-color: #ffffff; font-size: 14px;\">Copyright 2017 \u00a9Ma Favorite \u2013 Tous droits r\u00e9serv\u00e9s<\/span><\/p>\n<p>Site r\u00e9alis\u00e9 par Ma Favorite votre agence\u00a0web de St Barth\u00e9lemy<\/p>\n<p>La pr\u00e9sente notice d\u2019information a pour objet de d\u00e9finir les modalit\u00e9s selon lesquelles &#8220;La Cuisine de Fred&#8221;\u00a0met \u00e0 la disposition des internautes son site Internet et les conditions selon lesquelles les internautes y acc\u00e8dent et l\u2019utilisent (mentions l\u00e9gales). Toute connexion au site est subordonn\u00e9e au respect de la pr\u00e9sente notice l\u00e9gale que&#8221;La Cuisine de Fred&#8221; se r\u00e9serve le droit de modifier ou de mettre \u00e0 jour \u00e0 tout moment. En ayant acc\u00e8s au Site, l\u2019internaute naviguant sur le Site (ci-apr\u00e8s d\u00e9sign\u00e9 \u00ab Utilisateur \u00bb) s\u2019engage \u00e0 respecter et \u00e0 se conformer aux conditions d\u2019utilisation telles que d\u00e9finies ci-apr\u00e8s. Merci donc de lire cette notice avant de naviguer sur ce site internet.<\/p>\n<p style=\"background-color: #ffffff; font-size: 16px;\"><span style=\"background-color: #ffffff; font-size: medium;\"><span style=\"text-decoration-line: underline;\">CONCEPTION DU SITE WEB :<\/span><\/span><\/p>\n<p style=\"background-color: #ffffff; font-size: 16px;\"><span style=\"font-size: 16px; color: #e09900;\">MA FAVORITE<\/span> APE: 6202 A Siret: 532240306 00078<\/p>\n<p style=\"background-color: #ffffff; font-size: 16px;\">contact{@}mafavorite.com<\/p>\n<p style=\"background-color: #ffffff; font-size: 16px;\"><span style=\"font-size: 14px;\">www.mafavorite.com<\/span><\/p>\n<p class=\"p1\"><span class=\"s1\"><span style=\"text-decoration: underline;\">RESPONSABLE DE PUBLICATION<\/span> :<\/span><\/p>\n<p><span class=\"s3\">Site \u00e9dit\u00e9 par : La Cuisine de Fred \u2013 St Barth<\/span><\/p>\n<p><span class=\"s3\">97133 Saint-Barth\u00e9lemy<\/span><\/p>\n<p><span class=\"s3\">E-mail : fred@cuisinedefred.com<\/span><\/p>\n<p><span class=\"s3\">L\u2019\u00e9diteur s\u2019engage \u00e0 respecter l\u2019ensemble des lois concernant la mise en place et l\u2019activit\u00e9 d\u2019un site Internet.<\/span><\/p>\n<p>Ma Favorite, en tant qu&#8217;executant, ne pourra \u00eatre tenu responsable du contenu du site (photos, vid\u00e9os et textes notamment).<\/p>\n<p class=\"p1\" style=\"background-color: #ffffff; font-size: 16px;\"><span style=\"font-size: 16px; text-decoration-line: underline;\">HEBERGEMENT<\/span>:<\/p>\n<p style=\"background-color: #ffffff; font-size: 16px;\">Site h\u00e9berg\u00e9 par\u00a0OVH<\/p>\n<p class=\"p1\" style=\"background-color: #ffffff; font-size: 16px;\"><span style=\"font-size: 16px; text-decoration-line: underline;\">PHOTOS:<\/span><\/p>\n<p style=\"padding-bottom: 0px; background-color: #ffffff; font-size: 16px;\">Toutes les photos sont\u00a0la propri\u00e9t\u00e9 de\u00a0&#8220;La Cuisine de Fred&#8221;<\/p>\n<p>Cr\u00e9dit photo:\u00a0<a style=\"font-size: 16px;\" href=\"http:\/\/www.geraldtessier.com\/GeraldTessierPicts\/#\">G\u00e9rald Tessier photographe<\/a><\/p>\n<p><span style=\"background-color: #ffffff; font-size: 16px;\">et merci \u00e0 la Villa Amancaya<\/span><\/p>\n<p><span style=\"font-size: 16px; text-decoration-line: underline;\">DROITS D&#8217;AUTEUR:<\/span><\/p>\n<footer class=\"site-footer\"><span class=\"s2\">La reproduction sur support papier \u00e0 l\u2019exception de l\u2019iconographie, est autoris\u00e9e, sous r\u00e9serve de respecter l\u2019int\u00e9grit\u00e9 des documents reproduits (aucune modification, ni alt\u00e9ration d\u2019aucune sorte) et de citer explicitement le site https:\/\/www.lacuisinedefred-stbarth.com comme source et mentionner que les droits de reproduction sont r\u00e9serv\u00e9s et strictement limit\u00e9s.<\/span>La reproduction sur support \u00e9lectronique de tout ou partie de ce site est autoris\u00e9e sous r\u00e9serve de l\u2019ajout de fa\u00e7on claire et lisible de la source (https:\/\/www.lacuisinedefred-stbarth.com) et de la mention \u00ab Droits r\u00e9serv\u00e9s \u00bb. Toute utilisation \u00e0 des fins commerciales ou publicitaires est exclue.<\/p>\n<p>&nbsp;<\/p>\n<p class=\"p2\"><span style=\"text-decoration: underline;\"><span class=\"s1\">DONNEES PERSONNELLES:<\/span><\/span><\/p>\n<p>Le Site peut vous demander un certain nombre de donn\u00e9es pour organiser au mieux votre navigation. A ce titre, https:\/\/www.lacuisinedefred-stbarth.com\u00a0peut \u00eatre amen\u00e9 \u00e0 vous demander des informations personnelles vous concernant notamment lorsque vous remplissez le formulaire de contact, lorsque vous signalez un probl\u00e8me en rapport avec le Site ou l\u2019un des services que nous vous proposons. Conform\u00e9ment \u00e0 l\u2019article 16 de la loi du 6 janvier 1978 relative \u00e0 l\u2019informatique, aux fichiers et aux libert\u00e9s, nous vous informons qu\u2019aucune information personnelle n\u2019est collect\u00e9e \u00e0 votre insu et qu\u2019aucune information personnelle n\u2019est c\u00e9d\u00e9e \u00e0 des tiers. Toutefois <span class=\"s3\">https:\/\/www.lacuisinedefred-stbarth.com<\/span><span class=\"s2\">\u00a0peut \u00eatre amen\u00e9e \u00e0 rapprocher les informations personnelles collect\u00e9es, apr\u00e8s les avoir rendues anonymes, \u00e0 des fins d\u2019\u00e9tudes statistiques. Vous disposez d\u2019un droit d\u2019acc\u00e8s, de modification, de rectification et de suppression des donn\u00e9es qui vous concernent (art. 34 de la loi \u00ab Informatique et Libert\u00e9s \u00bb) aupr\u00e8s de https:\/\/www.lacuisinedefred-stbarth.com.<\/span><\/p>\n<p><span style=\"text-decoration: underline;\"><span class=\"s1\">INFORMATIONS LEGALES:<\/span><\/span><\/p>\n<p>https:\/\/www.lacuisinedefred-stbarth.com\u00a0informe que tout litige \u00e9ventuel se rapportant \u00e0 la pr\u00e9sente notice l\u00e9gale ou \u00e0 l\u2019utilisation du Site, sera port\u00e9 devant le tribunal de commerce de Guadeloupe.<\/p>\n<p>Conform\u00e9ment \u00e0 la loi 78-17 du 6 janvier 1978 (modifi\u00e9e par la loi 2004-801 du 6 ao\u00fbt 2004 relative \u00e0 la protection des personnes physiques \u00e0 l\u2019\u00e9gard des traitements de donn\u00e9es \u00e0 caract\u00e8re personnel relative \u00e0 l\u2019informatique, aux fichiers et aux libert\u00e9s, ce site a fait l\u2019objet d\u2019une d\u00e9claration aupr\u00e8s de la Commission nationale de l\u2019informatique et des libert\u00e9s.<\/p>\n<p>Le site de https:\/\/www.lacuisinedefred-stbarth.com\u00a0est h\u00e9berg\u00e9 chez\u00a0OVH<\/p>\n<p>&nbsp;<\/p>\n<p class=\"p2\"><span style=\"text-decoration: underline;\"><span class=\"s1\">LIMITES DE RESPONSABILITES:<\/span><\/span><\/p>\n<p>Les documents et informations diffus\u00e9s sur le Site sont fournis \u00ab en l\u2019\u00e9tat \u00bb sans aucune garantie express ou tacite de quelque sorte que ce soit. Par ailleurs, les liens hypertextes \u00e9ventuellement mis en place sur le Site peuvent conduire l\u2019Utilisateur sur d\u2019autres sites Internet. Il est pr\u00e9cis\u00e9 que https:\/\/www.lacuisinedefred-stbarth.com, ne pouvant v\u00e9rifier en permanence le contenu et les informations de ces sites, d\u00e9cline toute responsabilit\u00e9 sur leur contenu et sur l\u2019utilisation qui en est faite par l\u2019Utilisateur. Le recours \u00e0 ces sites par l\u2019Utilisateur rel\u00e8ve de la seule responsabilit\u00e9 de ce dernier. Ainsi, https:\/\/www.lacuisinedefred-stbarth.com\u00a0ne sera aucunement responsable des dommages directs ou indirects pouvant survenir \u00e0 l\u2019occasion de l\u2019acc\u00e8s de l\u2019internaute sur le site du partenaire ou de l\u2019utilisation de ce site, du non-respect des contenus et services \u00e0 toute r\u00e9glementation ou toute atteinte aux droits de tiers. https:\/\/www.lacuisinedefred-stbarth.com\u00a0d\u00e9cline toute responsabilit\u00e9 concernant les informations, les mat\u00e9riaux, les logiciels des sites reli\u00e9s par lien hypertexte au Site https:\/\/www.lacuisinedefred-stbarth.com\u00a0ne pourra \u00eatre tenu pour responsable en cas de contamination des mat\u00e9riels informatiques des internautes r\u00e9sultant de la propagation d\u2019un virus ou autres infections informatiques. Il appartient \u00e0 l\u2019Utilisateur de prendre toutes les mesures appropri\u00e9es de fa\u00e7on \u00e0 prot\u00e9ger ses propres donn\u00e9es et\/ou logiciels de la contamination par des \u00e9ventuels virus circulant sur le r\u00e9seau Internet. En aucun cas https:\/\/www.lacuisinedefred-stbarth.com, ses fournisseurs, ou les tiers mentionn\u00e9s dans son site ne pourront \u00eatre tenus responsables, au titre d\u2019une action en responsabilit\u00e9 contractuelle, en responsabilit\u00e9 d\u00e9lictuelle ou de tout autre action, de tout dommage direct ou indirect, incident ou accessoire, ou de quelque nature qu\u2019il soit ou de tout pr\u00e9judice, notamment, de nature financier ou commercial, r\u00e9sultant de l\u2019utilisation du Site ou d\u2019une quelconque information obtenue sur le Site.<\/p>\n<p>Les utilisateurs, les abonn\u00e9s et les visiteurs des sites internet de ne peuvent mettre en place un hyperlien en direction de ce site sans l\u2019autorisation expresse et pr\u00e9alable de https:\/\/www.lacuisinedefred-stbarth.com. Dans l\u2019hypoth\u00e8se o\u00f9 un utilisateur ou visiteur souhaiterait mettre en place un hyperlien en direction d\u2019un des sites internet de <span class=\"s3\">https:\/\/www.lacuisinedefred-stbarth.com<\/span><span class=\"s2\">, il lui appartiendra d\u2019adresser un email accessible sur le site afin de formuler sa demande de mise en place d\u2019un hyperlien. https:\/\/www.lacuisinedefred-stbarth.com\u00a0se r\u00e9serve le droit d\u2019accepter ou de refuser un hyperlien sans avoir \u00e0 en justifier sa d\u00e9cision.L\u2019ensemble des activit\u00e9s de la soci\u00e9t\u00e9 ainsi que ses informations sont pr\u00e9sent\u00e9s sur notre site https:\/\/www.lacuisinedefred-stbarth.com. https:\/\/www.lacuisinedefred-stbarth.com\u00a0s\u2019efforce de fournir sur le site https:\/\/www.lacuisinedefred-stbarth.com\u00a0des informations aussi pr\u00e9cises que possible. les renseignements figurant sur le site https:\/\/www.lacuisinedefred-stbarth.com\u00a0ne sont pas exhaustifs et les photos non contractuelles. Ils sont donn\u00e9s sous r\u00e9serve de modifications ayant \u00e9t\u00e9 apport\u00e9es depuis leur mise en ligne. Par ailleurs, tous les informations indiqu\u00e9es sur le site <\/span><span class=\"s3\">https:\/\/www.lacuisinedefred-stbarth.com<\/span><span class=\"s2\"> sont donn\u00e9es \u00e0 titre indicatif, et sont susceptibles de changer ou d\u2019\u00e9voluer sans pr\u00e9avis.<\/span><\/p>\n<\/footer>\n<p>[\/et_pb_text][\/et_pb_column][\/et_pb_row][\/et_pb_section]<\/p>\n","protected":false},"excerpt":{"rendered":"<p>Copyright 2017 \u00a9Ma Favorite \u2013 Tous droits r\u00e9serv\u00e9s Site r\u00e9alis\u00e9 par Ma Favorite votre agence\u00a0web de St Barth\u00e9lemy La pr\u00e9sente notice d\u2019information a pour objet de d\u00e9finir les modalit\u00e9s selon lesquelles &#8220;La Cuisine de Fred&#8221;\u00a0met \u00e0 la disposition des internautes son site Internet et les conditions selon lesquelles les internautes y acc\u00e8dent et l\u2019utilisent (mentions [&hellip;]<\/p>\n","protected":false},"author":1,"featured_media":0,"parent":0,"menu_order":0,"comment_status":"closed","ping_status":"closed","template":"","meta":{"_et_pb_use_builder":"on","_et_pb_old_content":"","_et_gb_content_width":"","footnotes":""},"class_list":["post-5862","page","type-page","status-publish","hentry"],"yoast_head":"<!-- This site is optimized with the Yoast SEO plugin v26.4 - https:\/\/yoast.com\/wordpress\/plugins\/seo\/ -->\n<title>LEGAL NOTICE | La Cuisine de Fred<\/title>\n<meta name=\"robots\" content=\"noindex, nofollow\" \/>\n<meta property=\"og:locale\" content=\"en_US\" \/>\n<meta property=\"og:type\" content=\"article\" \/>\n<meta property=\"og:title\" content=\"LEGAL NOTICE | La Cuisine de Fred\" \/>\n<meta property=\"og:description\" content=\"Copyright 2017 \u00a9Ma Favorite \u2013 Tous droits r\u00e9serv\u00e9s Site r\u00e9alis\u00e9 par Ma Favorite votre agence\u00a0web de St Barth\u00e9lemy La pr\u00e9sente notice d\u2019information a pour objet de d\u00e9finir les modalit\u00e9s selon lesquelles &quot;La Cuisine de Fred&quot;\u00a0met \u00e0 la disposition des internautes son site Internet et les conditions selon lesquelles les internautes y acc\u00e8dent et l\u2019utilisent (mentions [&hellip;]\" \/>\n<meta property=\"og:url\" content=\"https:\/\/lacuisinedefred-stbarth.com\/en\/legal-notice\/\" \/>\n<meta property=\"og:site_name\" content=\"La Cuisine de Fred\" \/>\n<meta property=\"article:publisher\" content=\"https:\/\/www.facebook.com\/lacuisinedefred.stbarth\/\" \/>\n<meta property=\"article:modified_time\" content=\"2025-11-20T14:10:38+00:00\" \/>\n<meta name=\"twitter:card\" content=\"summary_large_image\" \/>\n<meta name=\"twitter:label1\" content=\"Est. reading time\" \/>\n\t<meta name=\"twitter:data1\" content=\"7 minutes\" \/>\n<script type=\"application\/ld+json\" class=\"yoast-schema-graph\">{\"@context\":\"https:\/\/schema.org\",\"@graph\":[{\"@type\":\"WebPage\",\"@id\":\"https:\/\/lacuisinedefred-stbarth.com\/en\/legal-notice\/\",\"url\":\"https:\/\/lacuisinedefred-stbarth.com\/en\/legal-notice\/\",\"name\":\"LEGAL NOTICE | La Cuisine de Fred\",\"isPartOf\":{\"@id\":\"https:\/\/lacuisinedefred-stbarth.com\/#website\"},\"datePublished\":\"2017-05-30T21:28:02+00:00\",\"dateModified\":\"2025-11-20T14:10:38+00:00\",\"breadcrumb\":{\"@id\":\"https:\/\/lacuisinedefred-stbarth.com\/en\/legal-notice\/#breadcrumb\"},\"inLanguage\":\"en-US\",\"potentialAction\":[{\"@type\":\"ReadAction\",\"target\":[\"https:\/\/lacuisinedefred-stbarth.com\/en\/legal-notice\/\"]}]},{\"@type\":\"BreadcrumbList\",\"@id\":\"https:\/\/lacuisinedefred-stbarth.com\/en\/legal-notice\/#breadcrumb\",\"itemListElement\":[{\"@type\":\"ListItem\",\"position\":1,\"name\":\"Accueil\",\"item\":\"https:\/\/lacuisinedefred-stbarth.com\/\"},{\"@type\":\"ListItem\",\"position\":2,\"name\":\"LEGAL NOTICE\"}]},{\"@type\":\"WebSite\",\"@id\":\"https:\/\/lacuisinedefred-stbarth.com\/#website\",\"url\":\"https:\/\/lacuisinedefred-stbarth.com\/\",\"name\":\"La Cuisine de Fred\",\"description\":\"Votre chef \u00e0 St Barth\",\"potentialAction\":[{\"@type\":\"SearchAction\",\"target\":{\"@type\":\"EntryPoint\",\"urlTemplate\":\"https:\/\/lacuisinedefred-stbarth.com\/?s={search_term_string}\"},\"query-input\":{\"@type\":\"PropertyValueSpecification\",\"valueRequired\":true,\"valueName\":\"search_term_string\"}}],\"inLanguage\":\"en-US\"}]}<\/script>\n<!-- \/ Yoast SEO plugin. -->","yoast_head_json":{"title":"LEGAL NOTICE | La Cuisine de Fred","robots":{"index":"noindex","follow":"nofollow"},"og_locale":"en_US","og_type":"article","og_title":"LEGAL NOTICE | La Cuisine de Fred","og_description":"Copyright 2017 \u00a9Ma Favorite \u2013 Tous droits r\u00e9serv\u00e9s Site r\u00e9alis\u00e9 par Ma Favorite votre agence\u00a0web de St Barth\u00e9lemy La pr\u00e9sente notice d\u2019information a pour objet de d\u00e9finir les modalit\u00e9s selon lesquelles \"La Cuisine de Fred\"\u00a0met \u00e0 la disposition des internautes son site Internet et les conditions selon lesquelles les internautes y acc\u00e8dent et l\u2019utilisent (mentions [&hellip;]","og_url":"https:\/\/lacuisinedefred-stbarth.com\/en\/legal-notice\/","og_site_name":"La Cuisine de Fred","article_publisher":"https:\/\/www.facebook.com\/lacuisinedefred.stbarth\/","article_modified_time":"2025-11-20T14:10:38+00:00","twitter_card":"summary_large_image","twitter_misc":{"Est. reading time":"7 minutes"},"schema":{"@context":"https:\/\/schema.org","@graph":[{"@type":"WebPage","@id":"https:\/\/lacuisinedefred-stbarth.com\/en\/legal-notice\/","url":"https:\/\/lacuisinedefred-stbarth.com\/en\/legal-notice\/","name":"LEGAL NOTICE | La Cuisine de Fred","isPartOf":{"@id":"https:\/\/lacuisinedefred-stbarth.com\/#website"},"datePublished":"2017-05-30T21:28:02+00:00","dateModified":"2025-11-20T14:10:38+00:00","breadcrumb":{"@id":"https:\/\/lacuisinedefred-stbarth.com\/en\/legal-notice\/#breadcrumb"},"inLanguage":"en-US","potentialAction":[{"@type":"ReadAction","target":["https:\/\/lacuisinedefred-stbarth.com\/en\/legal-notice\/"]}]},{"@type":"BreadcrumbList","@id":"https:\/\/lacuisinedefred-stbarth.com\/en\/legal-notice\/#breadcrumb","itemListElement":[{"@type":"ListItem","position":1,"name":"Accueil","item":"https:\/\/lacuisinedefred-stbarth.com\/"},{"@type":"ListItem","position":2,"name":"LEGAL NOTICE"}]},{"@type":"WebSite","@id":"https:\/\/lacuisinedefred-stbarth.com\/#website","url":"https:\/\/lacuisinedefred-stbarth.com\/","name":"La Cuisine de Fred","description":"Votre chef \u00e0 St Barth","potentialAction":[{"@type":"SearchAction","target":{"@type":"EntryPoint","urlTemplate":"https:\/\/lacuisinedefred-stbarth.com\/?s={search_term_string}"},"query-input":{"@type":"PropertyValueSpecification","valueRequired":true,"valueName":"search_term_string"}}],"inLanguage":"en-US"}]}},"_links":{"self":[{"href":"https:\/\/lacuisinedefred-stbarth.com\/en\/wp-json\/wp\/v2\/pages\/5862","targetHints":{"allow":["GET"]}}],"collection":[{"href":"https:\/\/lacuisinedefred-stbarth.com\/en\/wp-json\/wp\/v2\/pages"}],"about":[{"href":"https:\/\/lacuisinedefred-stbarth.com\/en\/wp-json\/wp\/v2\/types\/page"}],"author":[{"embeddable":true,"href":"https:\/\/lacuisinedefred-stbarth.com\/en\/wp-json\/wp\/v2\/users\/1"}],"replies":[{"embeddable":true,"href":"https:\/\/lacuisinedefred-stbarth.com\/en\/wp-json\/wp\/v2\/comments?post=5862"}],"version-history":[{"count":9,"href":"https:\/\/lacuisinedefred-stbarth.com\/en\/wp-json\/wp\/v2\/pages\/5862\/revisions"}],"predecessor-version":[{"id":7435,"href":"https:\/\/lacuisinedefred-stbarth.com\/en\/wp-json\/wp\/v2\/pages\/5862\/revisions\/7435"}],"wp:attachment":[{"href":"https:\/\/lacuisinedefred-stbarth.com\/en\/wp-json\/wp\/v2\/media?parent=5862"}],"curies":[{"name":"wp","href":"https:\/\/api.w.org\/{rel}","templated":true}]}}